{"id":3,"date":"2020-08-05T18:00:23","date_gmt":"2020-08-05T16:00:23","guid":{"rendered":"http:\/\/asdlevantebitritto.it\/?page_id=3"},"modified":"2020-12-07T19:36:27","modified_gmt":"2020-12-07T18:36:27","slug":"cookie-policy","status":"publish","type":"page","link":"https:\/\/asdlevantebitritto.it\/index.php\/info\/cookie-policy\/","title":{"rendered":"Cookie Policy"},"content":{"rendered":"\n<p>Questo sito internet utilizza cookie e, in alcuni casi, cookie di terze parti per offrire un\u2019esperienza e un servizio migliori agli utenti. Durante la navigazione o l\u2019utilizzo dei nostri servizi, accetti il \u200b\u200bnostro utilizzo dei cookie. Tuttavia, hai la possibilit\u00e0 di impedire la generazione di cookie e lo smaltimento degli stessi selezionando l\u2019opzione appropriata nel tuo browser. Bloccando l\u2019uso dei cookie sul tuo browser, alcuni servizi potrebbero essere interrotti ed alcune funzioni del sito internet potrebbero non essere disponibili.<\/p>\n\n\n\n<h3 class=\"wp-block-heading\"><strong>Che cosa sono i cookie?<\/strong><\/h3>\n\n\n\n<p>I cookie sono piccoli file di testo che vengono memorizzati dal browser (Es. Internet Explorer o Safari) sul tuo computer o telefono cellulare. Consentono ai siti internet di archiviare informazioni, come ad esempio le preferenze dell\u2019utente. I cookie sono una memoria per il sito internet, in modo che possa riconoscerti quando torni e rispondere in modo appropriato. I cookie svolgono un ruolo molto importante nel migliorare l\u2019esperienza degli utenti su internet. Navigando su questo sito internet, accetti l\u2019installazione di cookie sul tuo computer, i quali forniscono le seguenti informazioni:<\/p>\n\n\n\n<ul class=\"wp-block-list\"><li>Informazioni statistiche sull\u2019uso del web da parte dell\u2019utente.<\/li><\/ul>\n\n\n\n<h3 class=\"wp-block-heading\">I nostri cookie<\/h3>\n\n\n\n<table class=\"cookielawinfo-row-cat-table cookielawinfo-classic\"><thead><tr><th class=\"cookielawinfo-column-1\">Cookie<\/th><th class=\"cookielawinfo-column-2\">Tipo<\/th><th class=\"cookielawinfo-column-3\">Durata<\/th><th class=\"cookielawinfo-column-4\">Descrizione<\/th><\/tr><\/thead><tbody><tr class=\"cookielawinfo-row\"><td class=\"cookielawinfo-column-1\">Impostazioni sui cookie<\/td><td class=\"cookielawinfo-column-2\">persistent<\/td><td class=\"cookielawinfo-column-3\">1 anno<\/td><td class=\"cookielawinfo-column-4\">Registra le impostazioni sui cookie.<\/td><\/tr><tr class=\"cookielawinfo-row\"><td class=\"cookielawinfo-column-1\">Preferenza cookie necessari<\/td><td class=\"cookielawinfo-column-2\">persistent<\/td><td class=\"cookielawinfo-column-3\">1 anno<\/td><td class=\"cookielawinfo-column-4\">Accettazione cookie necessari.<\/td><\/tr><tr class=\"cookielawinfo-row\"><td class=\"cookielawinfo-column-1\">Preferenza cookie non necessari<\/td><td class=\"cookielawinfo-column-2\">persistent<\/td><td class=\"cookielawinfo-column-3\">1 anno<\/td><td class=\"cookielawinfo-column-4\">Accettazione cookie non necessari.<\/td><\/tr><tr class=\"cookielawinfo-row\"><td class=\"cookielawinfo-column-1\">Visualizzazione cookie policy<\/td><td class=\"cookielawinfo-column-2\">persistent<\/td><td class=\"cookielawinfo-column-3\">1 anno<\/td><td class=\"cookielawinfo-column-4\">Registra se l'utente ha visualizzato la cookie policy.<\/td><\/tr><\/tbody><\/table>\n\n\n\n<h3 class=\"wp-block-heading\">Tipologia di cookie utilizzati<\/h3>\n\n\n\n<p>Questo sito internet utilizza cookie permanenti al fine di memorizzare le scelte effettuate ed offrire un&#8217;esperienza di navigazione migliore. I cookie permanenti vengono archiviati nel database del terminale per essere utilizzati nelle sessioni successive.<\/p>\n\n\n\n<h3 class=\"wp-block-heading\">Cookie tecnici <\/h3>\n\n\n\n<p>Quando i visitatori lasciano commenti sul sito, raccogliamo i dati mostrati nel modulo dei commenti oltre all&#8217;indirizzo IP del visitatore e la stringa dello user agent del browser per facilitare il rilevamento dello spam.<\/p>\n\n\n\n<p>Una stringa anonimizzata creata a partire dal tuo indirizzo email (altrimenti detta hash) pu\u00f2 essere fornita al servizio Gravatar per vedere se lo stai usando. La privacy policy del servizio Gravatar \u00e8 disponibile qui: https:\/\/automattic.com\/privacy\/. Dopo l&#8217;approvazione del tuo commento, la tua immagine del profilo \u00e8 visibile al pubblico nel contesto del tuo commento.<\/p>\n\n\n\n<h3 class=\"wp-block-heading\">Come gestire i cookie<\/h3>\n\n\n\n<p>Hai la possibilit\u00e0 di consentire, bloccare o cancellare i cookie installati sul tuo computer tramite il pannello impostazioni del tuo browser. Bloccando l\u2019uso dei cookie sul tuo browser, alcuni servizi potrebbero essere interrotti ed alcune funzioni del sito internet potrebbero non essere disponibili. Alcuni browser possono essere configurati per gestire regole specifiche sui cookie per ogni sito internet, fornendo cos\u00ec un controllo pi\u00f9 preciso sulla privacy. Ci\u00f2 significa che puoi disabilitare i cookie per tutti i siti ad eccezione di quelli di cui ti fidi. Per ulteriori informazioni sui cookie, visita&nbsp;<a href=\"http:\/\/www.allaboutcookies.org\/\">allaboutcookies.org<\/a>.<\/p>\n","protected":false},"excerpt":{"rendered":"<p>Questo sito internet utilizza cookie e, in alcuni casi, cookie di terze parti per offrire un\u2019esperienza e un servizio migliori agli utenti. Durante la navigazione o l\u2019utilizzo dei nostri servizi, accetti il \u200b\u200bnostro utilizzo dei cookie. Tuttavia, hai la possibilit\u00e0 di impedire la generazione di cookie e lo smaltimento degli stessi selezionando l\u2019opzione appropriata nel&#8230;<\/p>\n","protected":false},"author":1,"featured_media":0,"parent":2725,"menu_order":0,"comment_status":"closed","ping_status":"closed","template":"","meta":{"footnotes":""},"class_list":["post-3","page","type-page","status-publish","hentry"],"_links":{"self":[{"href":"https:\/\/asdlevantebitritto.it\/index.php\/wp-json\/wp\/v2\/pages\/3","targetHints":{"allow":["GET"]}}],"collection":[{"href":"https:\/\/asdlevantebitritto.it\/index.php\/wp-json\/wp\/v2\/pages"}],"about":[{"href":"https:\/\/asdlevantebitritto.it\/index.php\/wp-json\/wp\/v2\/types\/page"}],"author":[{"embeddable":true,"href":"https:\/\/asdlevantebitritto.it\/index.php\/wp-json\/wp\/v2\/users\/1"}],"replies":[{"embeddable":true,"href":"https:\/\/asdlevantebitritto.it\/index.php\/wp-json\/wp\/v2\/comments?post=3"}],"version-history":[{"count":4,"href":"https:\/\/asdlevantebitritto.it\/index.php\/wp-json\/wp\/v2\/pages\/3\/revisions"}],"predecessor-version":[{"id":2839,"href":"https:\/\/asdlevantebitritto.it\/index.php\/wp-json\/wp\/v2\/pages\/3\/revisions\/2839"}],"up":[{"embeddable":true,"href":"https:\/\/asdlevantebitritto.it\/index.php\/wp-json\/wp\/v2\/pages\/2725"}],"wp:attachment":[{"href":"https:\/\/asdlevantebitritto.it\/index.php\/wp-json\/wp\/v2\/media?parent=3"}],"curies":[{"name":"wp","href":"https:\/\/api.w.org\/{rel}","templated":true}]}}